{"id":683,"date":"2023-04-20T14:44:51","date_gmt":"2023-04-20T14:44:51","guid":{"rendered":"https:\/\/fesztivalexpo.hu\/index.php\/etn_category\/"},"modified":"2023-04-20T14:54:45","modified_gmt":"2023-04-20T14:54:45","slug":"cookie_suti_tajekoztato","status":"publish","type":"page","link":"https:\/\/fesztivalexpo.hu\/index.php\/cookie_suti_tajekoztato\/","title":{"rendered":"Cookie (s\u00fcti) t\u00e1j\u00e9koztat\u00f3"},"content":{"rendered":"\n<div data-wp-interactive=\"core\/file\" class=\"wp-block-file\"><object data-wp-bind--hidden=\"!state.hasPdfPreview\" hidden class=\"wp-block-file__embed\" data=\"https:\/\/fesztivalexpo.hu\/wp-content\/uploads\/2023\/04\/VP_04_COOKIE_TAJEKOZTATO_202208.pdf\" type=\"application\/pdf\" style=\"width:100%;height:600px\" aria-label=\"PDF be\u00e1gyaz\u00e1s\"><\/object><\/div>\n","protected":false},"excerpt":{"rendered":"","protected":false},"author":1,"featured_media":0,"parent":0,"menu_order":0,"comment_status":"closed","ping_status":"closed","template":"page-templates\/full-width.php","meta":{"footnotes":""},"class_list":["post-683","page","type-page","status-publish","hentry"],"_links":{"self":[{"href":"https:\/\/fesztivalexpo.hu\/index.php\/wp-json\/wp\/v2\/pages\/683","targetHints":{"allow":["GET"]}}],"collection":[{"href":"https:\/\/fesztivalexpo.hu\/index.php\/wp-json\/wp\/v2\/pages"}],"about":[{"href":"https:\/\/fesztivalexpo.hu\/index.php\/wp-json\/wp\/v2\/types\/page"}],"author":[{"embeddable":true,"href":"https:\/\/fesztivalexpo.hu\/index.php\/wp-json\/wp\/v2\/users\/1"}],"replies":[{"embeddable":true,"href":"https:\/\/fesztivalexpo.hu\/index.php\/wp-json\/wp\/v2\/comments?post=683"}],"version-history":[{"count":3,"href":"https:\/\/fesztivalexpo.hu\/index.php\/wp-json\/wp\/v2\/pages\/683\/revisions"}],"predecessor-version":[{"id":697,"href":"https:\/\/fesztivalexpo.hu\/index.php\/wp-json\/wp\/v2\/pages\/683\/revisions\/697"}],"wp:attachment":[{"href":"https:\/\/fesztivalexpo.hu\/index.php\/wp-json\/wp\/v2\/media?parent=683"}],"curies":[{"name":"wp","href":"https:\/\/api.w.org\/{rel}","templated":true}]}}