{"id":5,"date":"2023-04-14T12:47:24","date_gmt":"2023-04-14T12:47:24","guid":{"rendered":"https:\/\/fesztivalexpo.hu\/index.php\/etn-tags\/"},"modified":"2023-04-20T14:57:10","modified_gmt":"2023-04-20T14:57:10","slug":"adatkezelesi-tajekoztato-a-volt-produkcio-kft-vel-szembeni-kovetelesek-soran-kezelt-szemelyes-adatok-kezeleserol","status":"publish","type":"page","link":"https:\/\/fesztivalexpo.hu\/index.php\/adatkezelesi-tajekoztato-a-volt-produkcio-kft-vel-szembeni-kovetelesek-soran-kezelt-szemelyes-adatok-kezeleserol\/","title":{"rendered":"Adatkezel\u00e9si t\u00e1j\u00e9koztat\u00f3 a VOLT Produkci\u00f3 KFT-vel szembeni k\u00f6vetel\u00e9sek sor\u00e1n kezelt szem\u00e9lyes adatok kezel\u00e9s\u00e9ro\u030bl"},"content":{"rendered":"\n<div data-wp-interactive=\"core\/file\" class=\"wp-block-file\"><object data-wp-bind--hidden=\"!state.hasPdfPreview\" hidden class=\"wp-block-file__embed\" data=\"https:\/\/fesztivalexpo.hu\/wp-content\/uploads\/2023\/04\/ADATKEZELESI-TAJEKOZTATO-A-VOLT-PRODUKCIO-KFT-VEL-SZEMBENI-KOVETELESEK-SORAN-KEZELT-SZEMELYES-ADATOK-KEZELESEROL_2022.pdf\" type=\"application\/pdf\" style=\"width:100%;height:600px\" aria-label=\"PDF be\u00e1gyaz\u00e1s\"><\/object><\/div>\n","protected":false},"excerpt":{"rendered":"","protected":false},"author":1,"featured_media":0,"parent":0,"menu_order":0,"comment_status":"closed","ping_status":"closed","template":"page-templates\/full-width.php","meta":{"footnotes":""},"class_list":["post-5","page","type-page","status-publish","hentry"],"_links":{"self":[{"href":"https:\/\/fesztivalexpo.hu\/index.php\/wp-json\/wp\/v2\/pages\/5","targetHints":{"allow":["GET"]}}],"collection":[{"href":"https:\/\/fesztivalexpo.hu\/index.php\/wp-json\/wp\/v2\/pages"}],"about":[{"href":"https:\/\/fesztivalexpo.hu\/index.php\/wp-json\/wp\/v2\/types\/page"}],"author":[{"embeddable":true,"href":"https:\/\/fesztivalexpo.hu\/index.php\/wp-json\/wp\/v2\/users\/1"}],"replies":[{"embeddable":true,"href":"https:\/\/fesztivalexpo.hu\/index.php\/wp-json\/wp\/v2\/comments?post=5"}],"version-history":[{"count":2,"href":"https:\/\/fesztivalexpo.hu\/index.php\/wp-json\/wp\/v2\/pages\/5\/revisions"}],"predecessor-version":[{"id":703,"href":"https:\/\/fesztivalexpo.hu\/index.php\/wp-json\/wp\/v2\/pages\/5\/revisions\/703"}],"wp:attachment":[{"href":"https:\/\/fesztivalexpo.hu\/index.php\/wp-json\/wp\/v2\/media?parent=5"}],"curies":[{"name":"wp","href":"https:\/\/api.w.org\/{rel}","templated":true}]}}