{"id":490,"date":"2022-06-01T10:56:23","date_gmt":"2022-06-01T10:56:23","guid":{"rendered":"https:\/\/bizbergthemes.com\/epic-business-event\/?page_id=490"},"modified":"2023-04-20T14:46:59","modified_gmt":"2023-04-20T14:46:59","slug":"aszf","status":"publish","type":"page","link":"https:\/\/fesztivalexpo.hu\/index.php\/aszf\/","title":{"rendered":"\u00c1ltal\u00e1nos Szerz\u0151d\u00e9si Felt\u00e9telek"},"content":{"rendered":"\n<div data-wp-interactive=\"core\/file\" class=\"wp-block-file\"><object data-wp-bind--hidden=\"!state.hasPdfPreview\" hidden class=\"wp-block-file__embed\" data=\"https:\/\/fesztivalexpo.hu\/wp-content\/uploads\/2023\/04\/ASZF-2022-11-17_tiszta.pdf\" type=\"application\/pdf\" style=\"width:100%;height:600px\" aria-label=\"PDF be\u00e1gyaz\u00e1s\"><\/object><\/div>\n","protected":false},"excerpt":{"rendered":"","protected":false},"author":1,"featured_media":0,"parent":0,"menu_order":0,"comment_status":"closed","ping_status":"closed","template":"page-templates\/full-width.php","meta":{"footnotes":""},"class_list":["post-490","page","type-page","status-publish","hentry"],"_links":{"self":[{"href":"https:\/\/fesztivalexpo.hu\/index.php\/wp-json\/wp\/v2\/pages\/490","targetHints":{"allow":["GET"]}}],"collection":[{"href":"https:\/\/fesztivalexpo.hu\/index.php\/wp-json\/wp\/v2\/pages"}],"about":[{"href":"https:\/\/fesztivalexpo.hu\/index.php\/wp-json\/wp\/v2\/types\/page"}],"author":[{"embeddable":true,"href":"https:\/\/fesztivalexpo.hu\/index.php\/wp-json\/wp\/v2\/users\/1"}],"replies":[{"embeddable":true,"href":"https:\/\/fesztivalexpo.hu\/index.php\/wp-json\/wp\/v2\/comments?post=490"}],"version-history":[{"count":5,"href":"https:\/\/fesztivalexpo.hu\/index.php\/wp-json\/wp\/v2\/pages\/490\/revisions"}],"predecessor-version":[{"id":685,"href":"https:\/\/fesztivalexpo.hu\/index.php\/wp-json\/wp\/v2\/pages\/490\/revisions\/685"}],"wp:attachment":[{"href":"https:\/\/fesztivalexpo.hu\/index.php\/wp-json\/wp\/v2\/media?parent=490"}],"curies":[{"name":"wp","href":"https:\/\/api.w.org\/{rel}","templated":true}]}}