{"id":4,"date":"2023-04-14T12:47:24","date_gmt":"2023-04-14T12:47:24","guid":{"rendered":"https:\/\/fesztivalexpo.hu\/index.php\/etn_category\/"},"modified":"2023-04-20T14:46:08","modified_gmt":"2023-04-20T14:46:08","slug":"altalanos_adatvedelmi_szabalyzat","status":"publish","type":"page","link":"https:\/\/fesztivalexpo.hu\/index.php\/altalanos_adatvedelmi_szabalyzat\/","title":{"rendered":"\u00c1ltal\u00e1nos adatv\u00e9delmi szab\u00e1lyzat"},"content":{"rendered":"\n<div data-wp-interactive=\"core\/file\" class=\"wp-block-file\"><object data-wp-bind--hidden=\"!state.hasPdfPreview\" hidden class=\"wp-block-file__embed\" data=\"https:\/\/fesztivalexpo.hu\/wp-content\/uploads\/2023\/04\/ALTALANOS_ADATVEDELMI_SZABALYZAT_2022.pdf\" type=\"application\/pdf\" style=\"width:100%;height:600px\" aria-label=\"PDF be\u00e1gyaz\u00e1s\"><\/object><\/div>\n","protected":false},"excerpt":{"rendered":"","protected":false},"author":1,"featured_media":0,"parent":0,"menu_order":0,"comment_status":"closed","ping_status":"closed","template":"page-templates\/full-width.php","meta":{"footnotes":""},"class_list":["post-4","page","type-page","status-publish","hentry"],"_links":{"self":[{"href":"https:\/\/fesztivalexpo.hu\/index.php\/wp-json\/wp\/v2\/pages\/4","targetHints":{"allow":["GET"]}}],"collection":[{"href":"https:\/\/fesztivalexpo.hu\/index.php\/wp-json\/wp\/v2\/pages"}],"about":[{"href":"https:\/\/fesztivalexpo.hu\/index.php\/wp-json\/wp\/v2\/types\/page"}],"author":[{"embeddable":true,"href":"https:\/\/fesztivalexpo.hu\/index.php\/wp-json\/wp\/v2\/users\/1"}],"replies":[{"embeddable":true,"href":"https:\/\/fesztivalexpo.hu\/index.php\/wp-json\/wp\/v2\/comments?post=4"}],"version-history":[{"count":1,"href":"https:\/\/fesztivalexpo.hu\/index.php\/wp-json\/wp\/v2\/pages\/4\/revisions"}],"predecessor-version":[{"id":682,"href":"https:\/\/fesztivalexpo.hu\/index.php\/wp-json\/wp\/v2\/pages\/4\/revisions\/682"}],"wp:attachment":[{"href":"https:\/\/fesztivalexpo.hu\/index.php\/wp-json\/wp\/v2\/media?parent=4"}],"curies":[{"name":"wp","href":"https:\/\/api.w.org\/{rel}","templated":true}]}}